{"id":37,"date":"2025-01-07T18:28:01","date_gmt":"2025-01-07T17:28:01","guid":{"rendered":"https:\/\/yogame-belleile.com\/?page_id=37"},"modified":"2025-01-11T17:54:59","modified_gmt":"2025-01-11T16:54:59","slug":"qui-suis-je","status":"publish","type":"page","link":"https:\/\/yogame-belleile.com\/index.php\/qui-suis-je\/","title":{"rendered":"Qui suis-je ?"},"content":{"rendered":"<p>[et_pb_section fb_built=&#8221;1&#8243; _builder_version=&#8221;4.27.4&#8243; _module_preset=&#8221;default&#8221; background_color=&#8221;#f0dac9&#8243; custom_padding=&#8221;0px||0px|||&#8221; global_colors_info=&#8221;{}&#8221;][et_pb_row _builder_version=&#8221;4.27.4&#8243; _module_preset=&#8221;default&#8221; custom_padding=&#8221;0px||0px|||&#8221; global_colors_info=&#8221;{}&#8221;][et_pb_column type=&#8221;4_4&#8243; _builder_version=&#8221;4.27.4&#8243; _module_preset=&#8221;default&#8221; global_colors_info=&#8221;{}&#8221;][et_pb_image src=&#8221;http:\/\/yogame-belleile.com\/wp-content\/uploads\/2025\/01\/GAELLE.png&#8221; title_text=&#8221;GAELLE&#8221; _builder_version=&#8221;4.27.4&#8243; _module_preset=&#8221;default&#8221; background_color=&#8221;#f0dac9&#8243; global_colors_info=&#8221;{}&#8221;][\/et_pb_image][\/et_pb_column][\/et_pb_row][\/et_pb_section][et_pb_section fb_built=&#8221;1&#8243; _builder_version=&#8221;4.27.4&#8243; _module_preset=&#8221;default&#8221; global_colors_info=&#8221;{}&#8221;][et_pb_row _builder_version=&#8221;4.27.4&#8243; _module_preset=&#8221;default&#8221; custom_padding=&#8221;0px|||||&#8221; global_colors_info=&#8221;{}&#8221;][et_pb_column type=&#8221;4_4&#8243; _builder_version=&#8221;4.27.4&#8243; _module_preset=&#8221;default&#8221; global_colors_info=&#8221;{}&#8221;][et_pb_image src=&#8221;http:\/\/yogame-belleile.com\/wp-content\/uploads\/2025\/01\/Capture-decran-2025-01-11-a-16.48.25.png&#8221; title_text=&#8221;Capture d\u2019\u00e9cran 2025-01-11 \u00e0 16.48.25&#8243; align=&#8221;center&#8221; _builder_version=&#8221;4.27.4&#8243; _module_preset=&#8221;default&#8221; max_height=&#8221;597px&#8221; global_colors_info=&#8221;{}&#8221;][\/et_pb_image][\/et_pb_column][\/et_pb_row][et_pb_row _builder_version=&#8221;4.27.4&#8243; _module_preset=&#8221;default&#8221; global_colors_info=&#8221;{}&#8221;][et_pb_column type=&#8221;4_4&#8243; _builder_version=&#8221;4.27.4&#8243; _module_preset=&#8221;default&#8221; global_colors_info=&#8221;{}&#8221;][et_pb_text _builder_version=&#8221;4.27.4&#8243; _module_preset=&#8221;default&#8221; custom_margin=&#8221;||39px|||&#8221; global_colors_info=&#8221;{}&#8221;]<\/p>\n<div class=\"et_pb_module et_pb_text et_pb_text_2 et_pb_text_align_center et_pb_bg_layout_light\" style=\"text-align: center;\">\n<div class=\"et_pb_text_inner\">\n<h2 style=\"text-align: center;\"><strong>Bonjour ! Je suis Ga\u00eblle de Yog\u00c2me<\/strong><\/h2>\n<\/div>\n<\/div>\n<div class=\"et_pb_module et_pb_text et_pb_text_3 et_pb_text_align_left et_pb_bg_layout_light\" style=\"text-align: center;\">\n<div class=\"et_pb_text_inner\">\n<h4 style=\"text-align: center;\"><span>Si j\u2019\u00e9tais\u2026<\/span><\/h4>\n<h4 style=\"text-align: center;\"><span><\/span><\/h4>\n<h4 style=\"text-align: center;\"><span>Une couleur : le jaune<\/span><\/h4>\n<h4 style=\"text-align: center;\"><span>Une phase de la lune : la pleine lune<\/span><\/h4>\n<h4 style=\"text-align: center;\"><span>Un animal : un dauphin<\/span><\/h4>\n<h4 style=\"text-align: center;\"><span>Une fleur: un tournesol<\/span><\/h4>\n<h4 style=\"text-align: center;\"><span>Une posture de yoga: le guerrier pacifique<\/span><\/h4>\n<h4 style=\"text-align: center;\"><span>Une plage : Baluden \u00e0 Belle ile<\/span><\/h4>\n<\/div>\n<\/div>\n<p>[\/et_pb_text][et_pb_divider show_divider=&#8221;off&#8221; _builder_version=&#8221;4.27.4&#8243; _module_preset=&#8221;default&#8221; global_colors_info=&#8221;{}&#8221;][\/et_pb_divider][et_pb_text _builder_version=&#8221;4.27.4&#8243; _module_preset=&#8221;default&#8221; background_color=&#8221;#fff4ec&#8221; hover_enabled=&#8221;0&#8243; global_colors_info=&#8221;{}&#8221; sticky_enabled=&#8221;0&#8243;]<\/p>\n<h4 style=\"text-align: center;\"><span style=\"color: #ffffff;\"><strong><\/strong><\/span><\/h4>\n<h4 style=\"text-align: center;\"><span style=\"color: #000000;\"><strong>MES FORMATIONS<\/strong><\/span><\/h4>\n<h4 style=\"text-align: center;\"><span style=\"color: #000000;\">Janvier 2023 : Formation Hatha 200h YTT \u00e0 la Nepal<\/span><\/h4>\n<h4 style=\"text-align: center;\"><span style=\"color: #000000;\">YogaAcademy certifi\u00e9 Yoga Alliance.<\/span><\/h4>\n<p style=\"text-align: center;\"><span style=\"color: #000000;\"><\/span><\/p>\n<p style=\"text-align: center;\"><span style=\"color: #000000;\"><\/span><\/p>\n<h4 style=\"text-align: center;\"><span style=\"color: #000000;\">Avril \u00e0 Septembre 2024: Formation \u00e0 l\u2019\u00e9cole du Kobido<\/span><\/h4>\n<h4 style=\"text-align: center;\"><span style=\"color: #000000;\">pour l\u2019Authentique Kobido\u00ae.<\/span><\/h4>\n<p><span style=\"color: #ffffff;\"><\/span><\/p>\n<p><span style=\"color: #ffffff;\"><\/span><\/p>\n<p>[\/et_pb_text][\/et_pb_column][\/et_pb_row][\/et_pb_section][et_pb_section fb_built=&#8221;1&#8243; admin_label=&#8221;Footer&#8221; _builder_version=&#8221;4.16&#8243; _module_preset=&#8221;default&#8221; background_color=&#8221;#000000&#8243; custom_padding=&#8221;0px||0px|||&#8221; global_module=&#8221;189&#8243; saved_tabs=&#8221;all&#8221; locked=&#8221;off&#8221; global_colors_info=&#8221;{}&#8221;][et_pb_row column_structure=&#8221;1_3,1_3,1_3&#8243; _builder_version=&#8221;4.27.4&#8243; _module_preset=&#8221;default&#8221; custom_padding=&#8221;0px|||||&#8221; global_colors_info=&#8221;{}&#8221;][et_pb_column type=&#8221;1_3&#8243; _builder_version=&#8221;4.27.4&#8243; _module_preset=&#8221;default&#8221; global_colors_info=&#8221;{}&#8221;][et_pb_divider show_divider=&#8221;off&#8221; _builder_version=&#8221;4.27.4&#8243; _module_preset=&#8221;default&#8221; custom_padding=&#8221;||117px|||&#8221; global_colors_info=&#8221;{}&#8221;][\/et_pb_divider][et_pb_text _builder_version=&#8221;4.27.4&#8243; _module_preset=&#8221;default&#8221; global_colors_info=&#8221;{}&#8221; inline_fonts=&#8221;Averia Libre&#8221;]<\/p>\n<p style=\"text-align: center;\"><span style=\"font-family: 'Averia Libre'; font-weight: normal; font-size: large; color: #f0dac9;\">Ga\u00eblle Gautrot<\/span><\/p>\n<p style=\"text-align: center;\"><span style=\"font-family: 'Averia Libre'; font-weight: normal; font-size: large; color: #f0dac9;\"><a href=\"mailto:yogame.belleile@gmail.com\" style=\"color: #f0dac9;\">yogame.belleile@gmail.com <\/a><\/span><\/p>\n<p style=\"text-align: center;\"><span style=\"font-family: 'Averia Libre'; font-weight: normal; font-size: large; color: #f0dac9;\">06 42 33 87 94<\/span><\/p>\n<p>[\/et_pb_text][\/et_pb_column][et_pb_column type=&#8221;1_3&#8243; _builder_version=&#8221;4.27.4&#8243; _module_preset=&#8221;default&#8221; global_colors_info=&#8221;{}&#8221;][et_pb_image src=&#8221;http:\/\/yogame-belleile.com\/wp-content\/uploads\/2025\/01\/YOGAME-TAMPONS_Plan-de-travail-1.png&#8221; title_text=&#8221;YOGAME-TAMPONS_Plan de travail 1&#8243; _builder_version=&#8221;4.27.4&#8243; _module_preset=&#8221;default&#8221; custom_padding=&#8221;0px|||||&#8221; global_colors_info=&#8221;{}&#8221;][\/et_pb_image][\/et_pb_column][et_pb_column type=&#8221;1_3&#8243; _builder_version=&#8221;4.27.4&#8243; _module_preset=&#8221;default&#8221; global_colors_info=&#8221;{}&#8221;][et_pb_divider show_divider=&#8221;off&#8221; _builder_version=&#8221;4.27.4&#8243; _module_preset=&#8221;default&#8221; custom_margin=&#8221;||115px|||&#8221; global_colors_info=&#8221;{}&#8221;][\/et_pb_divider][et_pb_social_media_follow _builder_version=&#8221;4.27.4&#8243; _module_preset=&#8221;default&#8221; text_orientation=&#8221;center&#8221; global_colors_info=&#8221;{}&#8221;][et_pb_social_media_follow_network social_network=&#8221;instagram&#8221; url=&#8221;https:\/\/www.instagram.com\/yogame.belle.ile\/&#8221; icon_color=&#8221;#f0dac9&#8243; use_icon_font_size=&#8221;on&#8221; icon_font_size=&#8221;40px&#8221; _builder_version=&#8221;4.27.4&#8243; _module_preset=&#8221;default&#8221; background_enable_color=&#8221;off&#8221; global_colors_info=&#8221;{}&#8221; follow_button=&#8221;off&#8221; url_new_window=&#8221;on&#8221;]instagram[\/et_pb_social_media_follow_network][\/et_pb_social_media_follow][\/et_pb_column][\/et_pb_row][\/et_pb_section]<\/p>\n","protected":false},"excerpt":{"rendered":"<p>Bonjour ! Je suis Ga\u00eblle de Yog\u00c2me Si j\u2019\u00e9tais\u2026 Une couleur : le jaune Une phase de la lune : la pleine lune Un animal : un dauphin Une fleur: un tournesol Une posture de yoga: le guerrier pacifique Une plage : Baluden \u00e0 Belle ile MES FORMATIONS Janvier 2023 : Formation Hatha 200h YTT [&hellip;]<\/p>\n","protected":false},"author":1,"featured_media":0,"parent":0,"menu_order":0,"comment_status":"closed","ping_status":"closed","template":"","meta":{"_et_pb_use_builder":"on","_et_pb_old_content":"","_et_gb_content_width":"","footnotes":""},"class_list":["post-37","page","type-page","status-publish","hentry"],"yoast_head":"<!-- This site is optimized with the Yoast SEO plugin v24.3 - https:\/\/yoast.com\/wordpress\/plugins\/seo\/ -->\n<title>Qui suis-je ? - Yog\u00e2me Belle-Ile<\/title>\n<meta name=\"robots\" content=\"index, follow, max-snippet:-1, max-image-preview:large, max-video-preview:-1\" \/>\n<link rel=\"canonical\" href=\"https:\/\/yogame-belleile.com\/index.php\/qui-suis-je\/\" \/>\n<meta property=\"og:locale\" content=\"en_US\" \/>\n<meta property=\"og:type\" content=\"article\" \/>\n<meta property=\"og:title\" content=\"Qui suis-je ? - Yog\u00e2me Belle-Ile\" \/>\n<meta property=\"og:description\" content=\"Bonjour ! Je suis Ga\u00eblle de Yog\u00c2me Si j\u2019\u00e9tais\u2026 Une couleur : le jaune Une phase de la lune : la pleine lune Un animal : un dauphin Une fleur: un tournesol Une posture de yoga: le guerrier pacifique Une plage : Baluden \u00e0 Belle ile MES FORMATIONS Janvier 2023 : Formation Hatha 200h YTT [&hellip;]\" \/>\n<meta property=\"og:url\" content=\"https:\/\/yogame-belleile.com\/index.php\/qui-suis-je\/\" \/>\n<meta property=\"og:site_name\" content=\"Yog\u00e2me Belle-Ile\" \/>\n<meta property=\"article:modified_time\" content=\"2025-01-11T16:54:59+00:00\" \/>\n<meta name=\"twitter:card\" content=\"summary_large_image\" \/>\n<meta name=\"twitter:label1\" content=\"Est. reading time\" \/>\n\t<meta name=\"twitter:data1\" content=\"3 minutes\" \/>\n<script type=\"application\/ld+json\" class=\"yoast-schema-graph\">{\"@context\":\"https:\/\/schema.org\",\"@graph\":[{\"@type\":\"WebPage\",\"@id\":\"https:\/\/yogame-belleile.com\/index.php\/qui-suis-je\/\",\"url\":\"https:\/\/yogame-belleile.com\/index.php\/qui-suis-je\/\",\"name\":\"Qui suis-je ? - Yog\u00e2me Belle-Ile\",\"isPartOf\":{\"@id\":\"https:\/\/yogame-belleile.com\/#website\"},\"datePublished\":\"2025-01-07T17:28:01+00:00\",\"dateModified\":\"2025-01-11T16:54:59+00:00\",\"breadcrumb\":{\"@id\":\"https:\/\/yogame-belleile.com\/index.php\/qui-suis-je\/#breadcrumb\"},\"inLanguage\":\"en-US\",\"potentialAction\":[{\"@type\":\"ReadAction\",\"target\":[\"https:\/\/yogame-belleile.com\/index.php\/qui-suis-je\/\"]}]},{\"@type\":\"BreadcrumbList\",\"@id\":\"https:\/\/yogame-belleile.com\/index.php\/qui-suis-je\/#breadcrumb\",\"itemListElement\":[{\"@type\":\"ListItem\",\"position\":1,\"name\":\"Accueil\",\"item\":\"https:\/\/yogame-belleile.com\/\"},{\"@type\":\"ListItem\",\"position\":2,\"name\":\"Qui suis-je ?\"}]},{\"@type\":\"WebSite\",\"@id\":\"https:\/\/yogame-belleile.com\/#website\",\"url\":\"https:\/\/yogame-belleile.com\/\",\"name\":\"Yog\u00e2me Belle-Ile\",\"description\":\"Yoga bienveillant\",\"publisher\":{\"@id\":\"https:\/\/yogame-belleile.com\/#organization\"},\"potentialAction\":[{\"@type\":\"SearchAction\",\"target\":{\"@type\":\"EntryPoint\",\"urlTemplate\":\"https:\/\/yogame-belleile.com\/?s={search_term_string}\"},\"query-input\":{\"@type\":\"PropertyValueSpecification\",\"valueRequired\":true,\"valueName\":\"search_term_string\"}}],\"inLanguage\":\"en-US\"},{\"@type\":\"Organization\",\"@id\":\"https:\/\/yogame-belleile.com\/#organization\",\"name\":\"Yog\u00e2me Belle-Ile\",\"url\":\"https:\/\/yogame-belleile.com\/\",\"logo\":{\"@type\":\"ImageObject\",\"inLanguage\":\"en-US\",\"@id\":\"https:\/\/yogame-belleile.com\/#\/schema\/logo\/image\/\",\"url\":\"http:\/\/yogame-belleile.com\/wp-content\/uploads\/2025\/01\/cropped-YOGAME-TAMPONS-03.png\",\"contentUrl\":\"http:\/\/yogame-belleile.com\/wp-content\/uploads\/2025\/01\/cropped-YOGAME-TAMPONS-03.png\",\"width\":512,\"height\":512,\"caption\":\"Yog\u00e2me Belle-Ile\"},\"image\":{\"@id\":\"https:\/\/yogame-belleile.com\/#\/schema\/logo\/image\/\"},\"sameAs\":[\"https:\/\/www.instagram.com\/yogame.belle.ile\/\"]}]}<\/script>\n<!-- \/ Yoast SEO plugin. -->","yoast_head_json":{"title":"Qui suis-je ? - Yog\u00e2me Belle-Ile","robots":{"index":"index","follow":"follow","max-snippet":"max-snippet:-1","max-image-preview":"max-image-preview:large","max-video-preview":"max-video-preview:-1"},"canonical":"https:\/\/yogame-belleile.com\/index.php\/qui-suis-je\/","og_locale":"en_US","og_type":"article","og_title":"Qui suis-je ? - Yog\u00e2me Belle-Ile","og_description":"Bonjour ! Je suis Ga\u00eblle de Yog\u00c2me Si j\u2019\u00e9tais\u2026 Une couleur : le jaune Une phase de la lune : la pleine lune Un animal : un dauphin Une fleur: un tournesol Une posture de yoga: le guerrier pacifique Une plage : Baluden \u00e0 Belle ile MES FORMATIONS Janvier 2023 : Formation Hatha 200h YTT [&hellip;]","og_url":"https:\/\/yogame-belleile.com\/index.php\/qui-suis-je\/","og_site_name":"Yog\u00e2me Belle-Ile","article_modified_time":"2025-01-11T16:54:59+00:00","twitter_card":"summary_large_image","twitter_misc":{"Est. reading time":"3 minutes"},"schema":{"@context":"https:\/\/schema.org","@graph":[{"@type":"WebPage","@id":"https:\/\/yogame-belleile.com\/index.php\/qui-suis-je\/","url":"https:\/\/yogame-belleile.com\/index.php\/qui-suis-je\/","name":"Qui suis-je ? - Yog\u00e2me Belle-Ile","isPartOf":{"@id":"https:\/\/yogame-belleile.com\/#website"},"datePublished":"2025-01-07T17:28:01+00:00","dateModified":"2025-01-11T16:54:59+00:00","breadcrumb":{"@id":"https:\/\/yogame-belleile.com\/index.php\/qui-suis-je\/#breadcrumb"},"inLanguage":"en-US","potentialAction":[{"@type":"ReadAction","target":["https:\/\/yogame-belleile.com\/index.php\/qui-suis-je\/"]}]},{"@type":"BreadcrumbList","@id":"https:\/\/yogame-belleile.com\/index.php\/qui-suis-je\/#breadcrumb","itemListElement":[{"@type":"ListItem","position":1,"name":"Accueil","item":"https:\/\/yogame-belleile.com\/"},{"@type":"ListItem","position":2,"name":"Qui suis-je ?"}]},{"@type":"WebSite","@id":"https:\/\/yogame-belleile.com\/#website","url":"https:\/\/yogame-belleile.com\/","name":"Yog\u00e2me Belle-Ile","description":"Yoga bienveillant","publisher":{"@id":"https:\/\/yogame-belleile.com\/#organization"},"potentialAction":[{"@type":"SearchAction","target":{"@type":"EntryPoint","urlTemplate":"https:\/\/yogame-belleile.com\/?s={search_term_string}"},"query-input":{"@type":"PropertyValueSpecification","valueRequired":true,"valueName":"search_term_string"}}],"inLanguage":"en-US"},{"@type":"Organization","@id":"https:\/\/yogame-belleile.com\/#organization","name":"Yog\u00e2me Belle-Ile","url":"https:\/\/yogame-belleile.com\/","logo":{"@type":"ImageObject","inLanguage":"en-US","@id":"https:\/\/yogame-belleile.com\/#\/schema\/logo\/image\/","url":"http:\/\/yogame-belleile.com\/wp-content\/uploads\/2025\/01\/cropped-YOGAME-TAMPONS-03.png","contentUrl":"http:\/\/yogame-belleile.com\/wp-content\/uploads\/2025\/01\/cropped-YOGAME-TAMPONS-03.png","width":512,"height":512,"caption":"Yog\u00e2me Belle-Ile"},"image":{"@id":"https:\/\/yogame-belleile.com\/#\/schema\/logo\/image\/"},"sameAs":["https:\/\/www.instagram.com\/yogame.belle.ile\/"]}]}},"_links":{"self":[{"href":"https:\/\/yogame-belleile.com\/index.php\/wp-json\/wp\/v2\/pages\/37","targetHints":{"allow":["GET"]}}],"collection":[{"href":"https:\/\/yogame-belleile.com\/index.php\/wp-json\/wp\/v2\/pages"}],"about":[{"href":"https:\/\/yogame-belleile.com\/index.php\/wp-json\/wp\/v2\/types\/page"}],"author":[{"embeddable":true,"href":"https:\/\/yogame-belleile.com\/index.php\/wp-json\/wp\/v2\/users\/1"}],"replies":[{"embeddable":true,"href":"https:\/\/yogame-belleile.com\/index.php\/wp-json\/wp\/v2\/comments?post=37"}],"version-history":[{"count":13,"href":"https:\/\/yogame-belleile.com\/index.php\/wp-json\/wp\/v2\/pages\/37\/revisions"}],"predecessor-version":[{"id":311,"href":"https:\/\/yogame-belleile.com\/index.php\/wp-json\/wp\/v2\/pages\/37\/revisions\/311"}],"wp:attachment":[{"href":"https:\/\/yogame-belleile.com\/index.php\/wp-json\/wp\/v2\/media?parent=37"}],"curies":[{"name":"wp","href":"https:\/\/api.w.org\/{rel}","templated":true}]}}