{"id":38,"date":"2025-01-07T18:28:01","date_gmt":"2025-01-07T17:28:01","guid":{"rendered":"https:\/\/yogame-belleile.com\/?page_id=38"},"modified":"2025-01-24T20:14:49","modified_gmt":"2025-01-24T19:14:49","slug":"hatha-yoga","status":"publish","type":"page","link":"https:\/\/yogame-belleile.com\/index.php\/hatha-yoga\/","title":{"rendered":"Hatha Yoga"},"content":{"rendered":"<p>[et_pb_section fb_built=&#8221;1&#8243; _builder_version=&#8221;4.27.4&#8243; _module_preset=&#8221;default&#8221; background_color=&#8221;#f0dac9&#8243; custom_padding=&#8221;0px||0px|||&#8221; global_colors_info=&#8221;{}&#8221;][et_pb_row _builder_version=&#8221;4.27.4&#8243; _module_preset=&#8221;default&#8221; custom_padding=&#8221;0px||0px|||&#8221; global_colors_info=&#8221;{}&#8221;][et_pb_column type=&#8221;4_4&#8243; _builder_version=&#8221;4.27.4&#8243; _module_preset=&#8221;default&#8221; global_colors_info=&#8221;{}&#8221;][et_pb_image src=&#8221;http:\/\/yogame-belleile.com\/wp-content\/uploads\/2025\/01\/HATHA.png&#8221; title_text=&#8221;HATHA&#8221; _builder_version=&#8221;4.27.4&#8243; _module_preset=&#8221;default&#8221; background_color=&#8221;#f0dac9&#8243; global_colors_info=&#8221;{}&#8221;][\/et_pb_image][\/et_pb_column][\/et_pb_row][\/et_pb_section][et_pb_section fb_built=&#8221;1&#8243; admin_label=&#8221;Contact Form&#8221; _builder_version=&#8221;4.27.4&#8243; _module_preset=&#8221;default&#8221; background_color=&#8221;#fff4ec&#8221; global_colors_info=&#8221;{}&#8221;][et_pb_row column_structure=&#8221;1_2,1_2&#8243; _builder_version=&#8221;4.27.4&#8243; _module_preset=&#8221;default&#8221; global_colors_info=&#8221;{}&#8221;][et_pb_column type=&#8221;1_2&#8243; _builder_version=&#8221;4.27.4&#8243; _module_preset=&#8221;default&#8221; global_colors_info=&#8221;{}&#8221;][et_pb_text _builder_version=&#8221;4.27.4&#8243; _module_preset=&#8221;default&#8221; inline_fonts=&#8221;Averia Libre&#8221; global_colors_info=&#8221;{}&#8221;]<\/p>\n<p style=\"text-align: justify;\"><span style=\"color: #000000; font-family: 'Averia Libre'; font-weight: normal; font-size: large;\"><strong>Yoga du coeur, du corps et de l\u2019\u00e2me !<\/strong><\/span><\/p>\n<p style=\"text-align: justify;\"><span style=\"color: #000000; font-family: 'Averia Libre'; font-weight: normal;\">Yog\u00e2me propose une pratique <strong>d\u2019Hatha Yoga.<\/strong><\/span><\/p>\n<p style=\"text-align: justify;\"><span style=\"color: #000000; font-family: 'Averia Libre'; font-weight: normal;\">Il s\u2019agit d\u2019un yoga postural dans lequel on maintient les asanas (postures) quelques instants pour \u00e9quilibrer ses \u00e9nergies, comme sa force et sa souplesse.\u00a0<\/span><\/p>\n<p style=\"text-align: justify;\"><span style=\"color: #000000; font-family: 'Averia Libre'; font-weight: normal;\">Les s\u00e9ances sont cr\u00e9es autour d\u2019un th\u00e8me :s\u00e9r\u00e9nit\u00e9, ancrage, douceur ou encore confiance en soi. Ce th\u00e8me guide le choix des asanas. Le cours est structur\u00e9 afin de pr\u00e9parer son corps \u00e0 r\u00e9aliser les diff\u00e9rentes postures, et permettre \u00e0 son mental de l\u00e2cher prise.<\/span><\/p>\n<p>[\/et_pb_text][\/et_pb_column][et_pb_column type=&#8221;1_2&#8243; _builder_version=&#8221;4.27.4&#8243; _module_preset=&#8221;default&#8221; global_colors_info=&#8221;{}&#8221;][et_pb_text _builder_version=&#8221;4.27.4&#8243; _module_preset=&#8221;default&#8221; inline_fonts=&#8221;Averia Libre&#8221; global_colors_info=&#8221;{}&#8221;]<\/p>\n<p style=\"text-align: justify;\"><span style=\"font-family: 'Averia Libre'; font-weight: normal; color: #000000;\">C\u2019est une parenth\u00e8se dans le quotidien pour se connecter \u00e0 son corps, sa respiration, ses sensations. Les pratiques ont lieu une ambiance bienveillante et sont ouvertes \u00e0 tous les niveaux. Les s\u00e9ances durent environ 1h30. <\/span><\/p>\n<p style=\"text-align: justify;\"><span style=\"font-family: 'Averia Libre'; font-weight: normal; color: #000000;\">Des cours collectifs ont lieu chaque semaine en ext\u00e9rieur dans des endroits magiques de Belle Ile, ou en int\u00e9rieur lorsque la m\u00e9t\u00e9o n\u2019est pas au rdv . Il est \u00e9galement possible d\u2019organiser des cours priv\u00e9s personnalis\u00e9s, aux horaires qui vous conviennent en contactant Ga\u00eblle.<\/span><\/p>\n<p>[\/et_pb_text][et_pb_button button_url=&#8221;https:\/\/yogame-belleile.com\/index.php\/planning\/&#8221; button_text=&#8221;R\u00c9SERVEZ UN COURS&#8221; _builder_version=&#8221;4.27.4&#8243; _module_preset=&#8221;default&#8221; global_colors_info=&#8221;{}&#8221;][\/et_pb_button][\/et_pb_column][\/et_pb_row][et_pb_row column_structure=&#8221;1_3,1_3,1_3&#8243; _builder_version=&#8221;4.27.4&#8243; _module_preset=&#8221;default&#8221; global_colors_info=&#8221;{}&#8221;][et_pb_column type=&#8221;1_3&#8243; _builder_version=&#8221;4.27.4&#8243; _module_preset=&#8221;default&#8221; global_colors_info=&#8221;{}&#8221;][et_pb_image src=&#8221;http:\/\/yogame-belleile.com\/wp-content\/uploads\/2025\/01\/story-yogame-stervraz-16.jpeg&#8221; title_text=&#8221;story-yogame-stervraz-16&#8243; _builder_version=&#8221;4.27.4&#8243; _module_preset=&#8221;default&#8221; hover_enabled=&#8221;0&#8243; global_colors_info=&#8221;{}&#8221; sticky_enabled=&#8221;0&#8243;][\/et_pb_image][\/et_pb_column][et_pb_column type=&#8221;1_3&#8243; _builder_version=&#8221;4.27.4&#8243; _module_preset=&#8221;default&#8221; global_colors_info=&#8221;{}&#8221;][et_pb_image src=&#8221;http:\/\/yogame-belleile.com\/wp-content\/uploads\/2025\/01\/IMG_6007-1-scaled.jpeg&#8221; title_text=&#8221;IMG_6007&#8243; _builder_version=&#8221;4.27.4&#8243; _module_preset=&#8221;default&#8221; hover_enabled=&#8221;0&#8243; global_colors_info=&#8221;{}&#8221; sticky_enabled=&#8221;0&#8243;][\/et_pb_image][\/et_pb_column][et_pb_column type=&#8221;1_3&#8243; _builder_version=&#8221;4.27.4&#8243; _module_preset=&#8221;default&#8221; global_colors_info=&#8221;{}&#8221;][et_pb_image src=&#8221;http:\/\/yogame-belleile.com\/wp-content\/uploads\/2025\/01\/IMG_5998-1-scaled.jpeg&#8221; title_text=&#8221;IMG_5998&#8243; _builder_version=&#8221;4.27.4&#8243; _module_preset=&#8221;default&#8221; global_colors_info=&#8221;{}&#8221;][\/et_pb_image][\/et_pb_column][\/et_pb_row][\/et_pb_section][et_pb_section fb_built=&#8221;1&#8243; admin_label=&#8221;Footer&#8221; _builder_version=&#8221;4.27.4&#8243; _module_preset=&#8221;default&#8221; background_color=&#8221;#ffecdd&#8221; custom_padding=&#8221;50px||0px|||&#8221; global_module=&#8221;189&#8243; saved_tabs=&#8221;all&#8221; locked=&#8221;off&#8221; global_colors_info=&#8221;{}&#8221;][et_pb_row column_structure=&#8221;1_3,1_3,1_3&#8243; _builder_version=&#8221;4.27.4&#8243; _module_preset=&#8221;default&#8221; custom_padding=&#8221;0px|||||&#8221; global_colors_info=&#8221;{}&#8221;][et_pb_column type=&#8221;1_3&#8243; _builder_version=&#8221;4.27.4&#8243; _module_preset=&#8221;default&#8221; global_colors_info=&#8221;{}&#8221;][et_pb_divider show_divider=&#8221;off&#8221; _builder_version=&#8221;4.27.4&#8243; _module_preset=&#8221;default&#8221; custom_padding=&#8221;||0px|||&#8221; global_colors_info=&#8221;{}&#8221;][\/et_pb_divider][et_pb_text _builder_version=&#8221;4.27.4&#8243; _module_preset=&#8221;default&#8221; custom_margin=&#8221;-4px|||||&#8221; global_colors_info=&#8221;{}&#8221;]<\/p>\n<p style=\"text-align: center;\"><span style=\"font-family: 'Averia Libre'; font-weight: normal; font-size: large; color: #000000;\">Ga\u00eblle Gautrot<\/span><\/p>\n<p style=\"text-align: center;\"><span style=\"font-family: 'Averia Libre'; font-weight: normal; font-size: large; color: #000000;\"><a href=\"mailto:yogame.belleile@gmail.com\" style=\"color: #000000;\">yogame.belleile@gmail.com <\/a><\/span><\/p>\n<p style=\"text-align: center;\"><span style=\"font-family: 'Averia Libre'; font-weight: normal; font-size: large; color: #000000;\">06 42 33 87 94<\/span><\/p>\n<p>[\/et_pb_text][\/et_pb_column][et_pb_column type=&#8221;1_3&#8243; _builder_version=&#8221;4.27.4&#8243; _module_preset=&#8221;default&#8221; global_colors_info=&#8221;{}&#8221;][et_pb_image src=&#8221;http:\/\/yogame-belleile.com\/wp-content\/uploads\/2025\/01\/cropped-YOGAME-TAMPONS-03.png&#8221; title_text=&#8221;cropped-YOGAME-TAMPONS-03.png&#8221; align=&#8221;center&#8221; _builder_version=&#8221;4.27.4&#8243; _module_preset=&#8221;default&#8221; custom_margin=&#8221;-31px|||||&#8221; custom_padding=&#8221;0px|||||&#8221; global_colors_info=&#8221;{}&#8221;][\/et_pb_image][\/et_pb_column][et_pb_column type=&#8221;1_3&#8243; _builder_version=&#8221;4.27.4&#8243; _module_preset=&#8221;default&#8221; global_colors_info=&#8221;{}&#8221;][et_pb_divider show_divider=&#8221;off&#8221; _builder_version=&#8221;4.27.4&#8243; _module_preset=&#8221;default&#8221; custom_margin=&#8221;-78px||-6px|||&#8221; global_colors_info=&#8221;{}&#8221;][\/et_pb_divider][et_pb_social_media_follow icon_color=&#8221;#000000&#8243; _builder_version=&#8221;4.27.4&#8243; _module_preset=&#8221;default&#8221; text_orientation=&#8221;center&#8221; custom_padding=&#8221;80px|||||&#8221; global_colors_info=&#8221;{}&#8221;][et_pb_social_media_follow_network social_network=&#8221;instagram&#8221; url=&#8221;https:\/\/www.instagram.com\/yogame.belle.ile\/&#8221; icon_color=&#8221;#000000&#8243; use_icon_font_size=&#8221;on&#8221; icon_font_size=&#8221;40px&#8221; _builder_version=&#8221;4.27.4&#8243; _module_preset=&#8221;default&#8221; background_enable_color=&#8221;off&#8221; global_colors_info=&#8221;{}&#8221; follow_button=&#8221;off&#8221; url_new_window=&#8221;on&#8221;]instagram[\/et_pb_social_media_follow_network][\/et_pb_social_media_follow][\/et_pb_column][\/et_pb_row][\/et_pb_section]<\/p>\n","protected":false},"excerpt":{"rendered":"<p>Yoga du coeur, du corps et de l\u2019\u00e2me ! Yog\u00e2me propose une pratique d\u2019Hatha Yoga. Il s\u2019agit d\u2019un yoga postural dans lequel on maintient les asanas (postures) quelques instants pour \u00e9quilibrer ses \u00e9nergies, comme sa force et sa souplesse.\u00a0 Les s\u00e9ances sont cr\u00e9es autour d\u2019un th\u00e8me :s\u00e9r\u00e9nit\u00e9, ancrage, douceur ou encore confiance en soi. Ce [&hellip;]<\/p>\n","protected":false},"author":1,"featured_media":0,"parent":0,"menu_order":0,"comment_status":"closed","ping_status":"closed","template":"","meta":{"_et_pb_use_builder":"on","_et_pb_old_content":"","_et_gb_content_width":"","footnotes":""},"class_list":["post-38","page","type-page","status-publish","hentry"],"yoast_head":"<!-- This site is optimized with the Yoast SEO plugin v24.3 - https:\/\/yoast.com\/wordpress\/plugins\/seo\/ -->\n<title>Hatha Yoga - Yog\u00e2me Belle-Ile<\/title>\n<meta name=\"description\" content=\"Pratiquez le Hatha Yoga et retrouvez l&#039;\u00e9quilibre int\u00e9rieur. Les s\u00e9ances vous guideront \u00e0 travers des postures et des respirations pour un bien-\u00eatre durable.\" \/>\n<meta name=\"robots\" content=\"index, follow, max-snippet:-1, max-image-preview:large, max-video-preview:-1\" \/>\n<link rel=\"canonical\" href=\"https:\/\/yogame-belleile.com\/index.php\/hatha-yoga\/\" \/>\n<meta property=\"og:locale\" content=\"en_US\" \/>\n<meta property=\"og:type\" content=\"article\" \/>\n<meta property=\"og:title\" content=\"Hatha Yoga - Yog\u00e2me Belle-Ile\" \/>\n<meta property=\"og:description\" content=\"Pratiquez le Hatha Yoga et retrouvez l&#039;\u00e9quilibre int\u00e9rieur. Les s\u00e9ances vous guideront \u00e0 travers des postures et des respirations pour un bien-\u00eatre durable.\" \/>\n<meta property=\"og:url\" content=\"https:\/\/yogame-belleile.com\/index.php\/hatha-yoga\/\" \/>\n<meta property=\"og:site_name\" content=\"Yog\u00e2me Belle-Ile\" \/>\n<meta property=\"article:modified_time\" content=\"2025-01-24T19:14:49+00:00\" \/>\n<meta name=\"twitter:card\" content=\"summary_large_image\" \/>\n<meta name=\"twitter:label1\" content=\"Est. reading time\" \/>\n\t<meta name=\"twitter:data1\" content=\"2 minutes\" \/>\n<script type=\"application\/ld+json\" class=\"yoast-schema-graph\">{\"@context\":\"https:\/\/schema.org\",\"@graph\":[{\"@type\":\"WebPage\",\"@id\":\"https:\/\/yogame-belleile.com\/index.php\/hatha-yoga\/\",\"url\":\"https:\/\/yogame-belleile.com\/index.php\/hatha-yoga\/\",\"name\":\"Hatha Yoga - Yog\u00e2me Belle-Ile\",\"isPartOf\":{\"@id\":\"https:\/\/yogame-belleile.com\/#website\"},\"datePublished\":\"2025-01-07T17:28:01+00:00\",\"dateModified\":\"2025-01-24T19:14:49+00:00\",\"description\":\"Pratiquez le Hatha Yoga et retrouvez l'\u00e9quilibre int\u00e9rieur. Les s\u00e9ances vous guideront \u00e0 travers des postures et des respirations pour un bien-\u00eatre durable.\",\"breadcrumb\":{\"@id\":\"https:\/\/yogame-belleile.com\/index.php\/hatha-yoga\/#breadcrumb\"},\"inLanguage\":\"en-US\",\"potentialAction\":[{\"@type\":\"ReadAction\",\"target\":[\"https:\/\/yogame-belleile.com\/index.php\/hatha-yoga\/\"]}]},{\"@type\":\"BreadcrumbList\",\"@id\":\"https:\/\/yogame-belleile.com\/index.php\/hatha-yoga\/#breadcrumb\",\"itemListElement\":[{\"@type\":\"ListItem\",\"position\":1,\"name\":\"Accueil\",\"item\":\"https:\/\/yogame-belleile.com\/\"},{\"@type\":\"ListItem\",\"position\":2,\"name\":\"Hatha Yoga\"}]},{\"@type\":\"WebSite\",\"@id\":\"https:\/\/yogame-belleile.com\/#website\",\"url\":\"https:\/\/yogame-belleile.com\/\",\"name\":\"Yog\u00e2me Belle-Ile\",\"description\":\"Yoga bienveillant\",\"publisher\":{\"@id\":\"https:\/\/yogame-belleile.com\/#organization\"},\"potentialAction\":[{\"@type\":\"SearchAction\",\"target\":{\"@type\":\"EntryPoint\",\"urlTemplate\":\"https:\/\/yogame-belleile.com\/?s={search_term_string}\"},\"query-input\":{\"@type\":\"PropertyValueSpecification\",\"valueRequired\":true,\"valueName\":\"search_term_string\"}}],\"inLanguage\":\"en-US\"},{\"@type\":\"Organization\",\"@id\":\"https:\/\/yogame-belleile.com\/#organization\",\"name\":\"Yog\u00e2me Belle-Ile\",\"url\":\"https:\/\/yogame-belleile.com\/\",\"logo\":{\"@type\":\"ImageObject\",\"inLanguage\":\"en-US\",\"@id\":\"https:\/\/yogame-belleile.com\/#\/schema\/logo\/image\/\",\"url\":\"http:\/\/yogame-belleile.com\/wp-content\/uploads\/2025\/01\/cropped-YOGAME-TAMPONS-03.png\",\"contentUrl\":\"http:\/\/yogame-belleile.com\/wp-content\/uploads\/2025\/01\/cropped-YOGAME-TAMPONS-03.png\",\"width\":512,\"height\":512,\"caption\":\"Yog\u00e2me Belle-Ile\"},\"image\":{\"@id\":\"https:\/\/yogame-belleile.com\/#\/schema\/logo\/image\/\"},\"sameAs\":[\"https:\/\/www.instagram.com\/yogame.belle.ile\/\"]}]}<\/script>\n<!-- \/ Yoast SEO plugin. -->","yoast_head_json":{"title":"Hatha Yoga - Yog\u00e2me Belle-Ile","description":"Pratiquez le Hatha Yoga et retrouvez l'\u00e9quilibre int\u00e9rieur. Les s\u00e9ances vous guideront \u00e0 travers des postures et des respirations pour un bien-\u00eatre durable.","robots":{"index":"index","follow":"follow","max-snippet":"max-snippet:-1","max-image-preview":"max-image-preview:large","max-video-preview":"max-video-preview:-1"},"canonical":"https:\/\/yogame-belleile.com\/index.php\/hatha-yoga\/","og_locale":"en_US","og_type":"article","og_title":"Hatha Yoga - Yog\u00e2me Belle-Ile","og_description":"Pratiquez le Hatha Yoga et retrouvez l'\u00e9quilibre int\u00e9rieur. Les s\u00e9ances vous guideront \u00e0 travers des postures et des respirations pour un bien-\u00eatre durable.","og_url":"https:\/\/yogame-belleile.com\/index.php\/hatha-yoga\/","og_site_name":"Yog\u00e2me Belle-Ile","article_modified_time":"2025-01-24T19:14:49+00:00","twitter_card":"summary_large_image","twitter_misc":{"Est. reading time":"2 minutes"},"schema":{"@context":"https:\/\/schema.org","@graph":[{"@type":"WebPage","@id":"https:\/\/yogame-belleile.com\/index.php\/hatha-yoga\/","url":"https:\/\/yogame-belleile.com\/index.php\/hatha-yoga\/","name":"Hatha Yoga - Yog\u00e2me Belle-Ile","isPartOf":{"@id":"https:\/\/yogame-belleile.com\/#website"},"datePublished":"2025-01-07T17:28:01+00:00","dateModified":"2025-01-24T19:14:49+00:00","description":"Pratiquez le Hatha Yoga et retrouvez l'\u00e9quilibre int\u00e9rieur. Les s\u00e9ances vous guideront \u00e0 travers des postures et des respirations pour un bien-\u00eatre durable.","breadcrumb":{"@id":"https:\/\/yogame-belleile.com\/index.php\/hatha-yoga\/#breadcrumb"},"inLanguage":"en-US","potentialAction":[{"@type":"ReadAction","target":["https:\/\/yogame-belleile.com\/index.php\/hatha-yoga\/"]}]},{"@type":"BreadcrumbList","@id":"https:\/\/yogame-belleile.com\/index.php\/hatha-yoga\/#breadcrumb","itemListElement":[{"@type":"ListItem","position":1,"name":"Accueil","item":"https:\/\/yogame-belleile.com\/"},{"@type":"ListItem","position":2,"name":"Hatha Yoga"}]},{"@type":"WebSite","@id":"https:\/\/yogame-belleile.com\/#website","url":"https:\/\/yogame-belleile.com\/","name":"Yog\u00e2me Belle-Ile","description":"Yoga bienveillant","publisher":{"@id":"https:\/\/yogame-belleile.com\/#organization"},"potentialAction":[{"@type":"SearchAction","target":{"@type":"EntryPoint","urlTemplate":"https:\/\/yogame-belleile.com\/?s={search_term_string}"},"query-input":{"@type":"PropertyValueSpecification","valueRequired":true,"valueName":"search_term_string"}}],"inLanguage":"en-US"},{"@type":"Organization","@id":"https:\/\/yogame-belleile.com\/#organization","name":"Yog\u00e2me Belle-Ile","url":"https:\/\/yogame-belleile.com\/","logo":{"@type":"ImageObject","inLanguage":"en-US","@id":"https:\/\/yogame-belleile.com\/#\/schema\/logo\/image\/","url":"http:\/\/yogame-belleile.com\/wp-content\/uploads\/2025\/01\/cropped-YOGAME-TAMPONS-03.png","contentUrl":"http:\/\/yogame-belleile.com\/wp-content\/uploads\/2025\/01\/cropped-YOGAME-TAMPONS-03.png","width":512,"height":512,"caption":"Yog\u00e2me Belle-Ile"},"image":{"@id":"https:\/\/yogame-belleile.com\/#\/schema\/logo\/image\/"},"sameAs":["https:\/\/www.instagram.com\/yogame.belle.ile\/"]}]}},"_links":{"self":[{"href":"https:\/\/yogame-belleile.com\/index.php\/wp-json\/wp\/v2\/pages\/38","targetHints":{"allow":["GET"]}}],"collection":[{"href":"https:\/\/yogame-belleile.com\/index.php\/wp-json\/wp\/v2\/pages"}],"about":[{"href":"https:\/\/yogame-belleile.com\/index.php\/wp-json\/wp\/v2\/types\/page"}],"author":[{"embeddable":true,"href":"https:\/\/yogame-belleile.com\/index.php\/wp-json\/wp\/v2\/users\/1"}],"replies":[{"embeddable":true,"href":"https:\/\/yogame-belleile.com\/index.php\/wp-json\/wp\/v2\/comments?post=38"}],"version-history":[{"count":11,"href":"https:\/\/yogame-belleile.com\/index.php\/wp-json\/wp\/v2\/pages\/38\/revisions"}],"predecessor-version":[{"id":430,"href":"https:\/\/yogame-belleile.com\/index.php\/wp-json\/wp\/v2\/pages\/38\/revisions\/430"}],"wp:attachment":[{"href":"https:\/\/yogame-belleile.com\/index.php\/wp-json\/wp\/v2\/media?parent=38"}],"curies":[{"name":"wp","href":"https:\/\/api.w.org\/{rel}","templated":true}]}}