{"id":39,"date":"2025-01-07T18:28:01","date_gmt":"2025-01-07T17:28:01","guid":{"rendered":"https:\/\/yogame-belleile.com\/?page_id=39"},"modified":"2025-01-24T16:59:28","modified_gmt":"2025-01-24T15:59:28","slug":"planning","status":"publish","type":"page","link":"https:\/\/yogame-belleile.com\/index.php\/planning\/","title":{"rendered":"Planning"},"content":{"rendered":"<p>[et_pb_section fb_built=&#8221;1&#8243; _builder_version=&#8221;4.27.4&#8243; _module_preset=&#8221;default&#8221; background_color=&#8221;#f0dac9&#8243; custom_padding=&#8221;0px||1px|||&#8221; global_colors_info=&#8221;{}&#8221;][et_pb_row _builder_version=&#8221;4.27.4&#8243; _module_preset=&#8221;default&#8221; custom_padding=&#8221;||0px|||&#8221; global_colors_info=&#8221;{}&#8221;][et_pb_column type=&#8221;4_4&#8243; _builder_version=&#8221;4.27.4&#8243; _module_preset=&#8221;default&#8221; global_colors_info=&#8221;{}&#8221;][et_pb_image src=&#8221;http:\/\/yogame-belleile.com\/wp-content\/uploads\/2025\/01\/PLANNING.png&#8221; title_text=&#8221;PLANNING&#8221; _builder_version=&#8221;4.27.4&#8243; _module_preset=&#8221;default&#8221; background_color=&#8221;#f0dac9&#8243; global_colors_info=&#8221;{}&#8221;][\/et_pb_image][\/et_pb_column][\/et_pb_row][\/et_pb_section][et_pb_section fb_built=&#8221;1&#8243; admin_label=&#8221;Contact Form&#8221; _builder_version=&#8221;4.16&#8243; _module_preset=&#8221;default&#8221; global_colors_info=&#8221;{}&#8221;][et_pb_row _builder_version=&#8221;4.27.4&#8243; _module_preset=&#8221;default&#8221;][et_pb_column _builder_version=&#8221;4.27.4&#8243; _module_preset=&#8221;default&#8221; type=&#8221;4_4&#8243;][divi_events_list_booking _builder_version=&#8221;4.27.4&#8243; _module_preset=&#8221;default&#8221; hover_enabled=&#8221;0&#8243; sticky_enabled=&#8221;0&#8243;][\/divi_events_list_booking][\/et_pb_column][\/et_pb_row][\/et_pb_section][et_pb_section fb_built=&#8221;1&#8243; admin_label=&#8221;Footer&#8221; _builder_version=&#8221;4.27.4&#8243; _module_preset=&#8221;default&#8221; background_color=&#8221;#ffecdd&#8221; custom_padding=&#8221;0px||0px|||&#8221; global_module=&#8221;189&#8243; saved_tabs=&#8221;all&#8221; locked=&#8221;off&#8221; global_colors_info=&#8221;{}&#8221;][et_pb_row column_structure=&#8221;1_3,1_3,1_3&#8243; _builder_version=&#8221;4.27.4&#8243; _module_preset=&#8221;default&#8221; custom_padding=&#8221;0px|||||&#8221; global_colors_info=&#8221;{}&#8221;][et_pb_column type=&#8221;1_3&#8243; _builder_version=&#8221;4.27.4&#8243; _module_preset=&#8221;default&#8221; global_colors_info=&#8221;{}&#8221;][et_pb_divider show_divider=&#8221;off&#8221; _builder_version=&#8221;4.27.4&#8243; _module_preset=&#8221;default&#8221; custom_padding=&#8221;||117px|||&#8221; global_colors_info=&#8221;{}&#8221;][\/et_pb_divider][et_pb_text _builder_version=&#8221;4.27.4&#8243; _module_preset=&#8221;default&#8221; global_colors_info=&#8221;{}&#8221;]<\/p>\n<p style=\"text-align: center;\"><span style=\"font-family: 'Averia Libre'; font-weight: normal; font-size: large; color: #000000;\">Ga\u00eblle Gautrot<\/span><\/p>\n<p style=\"text-align: center;\"><span style=\"font-family: 'Averia Libre'; font-weight: normal; font-size: large; color: #000000;\"><a href=\"mailto:yogame.belleile@gmail.com\" style=\"color: #000000;\">yogame.belleile@gmail.com <\/a><\/span><\/p>\n<p style=\"text-align: center;\"><span style=\"font-family: 'Averia Libre'; font-weight: normal; font-size: large; color: #000000;\">06 42 33 87 94<\/span><\/p>\n<p>[\/et_pb_text][\/et_pb_column][et_pb_column type=&#8221;1_3&#8243; _builder_version=&#8221;4.27.4&#8243; _module_preset=&#8221;default&#8221; global_colors_info=&#8221;{}&#8221;][et_pb_image src=&#8221;http:\/\/yogame-belleile.com\/wp-content\/uploads\/2025\/01\/cropped-YOGAME-TAMPONS-03.png&#8221; title_text=&#8221;cropped-YOGAME-TAMPONS-03.png&#8221; _builder_version=&#8221;4.27.4&#8243; _module_preset=&#8221;default&#8221; custom_padding=&#8221;0px|||||&#8221; global_colors_info=&#8221;{}&#8221;][\/et_pb_image][\/et_pb_column][et_pb_column type=&#8221;1_3&#8243; _builder_version=&#8221;4.27.4&#8243; _module_preset=&#8221;default&#8221; global_colors_info=&#8221;{}&#8221;][et_pb_divider show_divider=&#8221;off&#8221; _builder_version=&#8221;4.27.4&#8243; _module_preset=&#8221;default&#8221; custom_margin=&#8221;||115px|||&#8221; global_colors_info=&#8221;{}&#8221;][\/et_pb_divider][et_pb_social_media_follow icon_color=&#8221;#000000&#8243; _builder_version=&#8221;4.27.4&#8243; _module_preset=&#8221;default&#8221; text_orientation=&#8221;center&#8221; global_colors_info=&#8221;{}&#8221;][et_pb_social_media_follow_network social_network=&#8221;instagram&#8221; url=&#8221;https:\/\/www.instagram.com\/yogame.belle.ile\/&#8221; icon_color=&#8221;#000000&#8243; use_icon_font_size=&#8221;on&#8221; icon_font_size=&#8221;40px&#8221; _builder_version=&#8221;4.27.4&#8243; _module_preset=&#8221;default&#8221; background_enable_color=&#8221;off&#8221; global_colors_info=&#8221;{}&#8221; follow_button=&#8221;off&#8221; url_new_window=&#8221;on&#8221;]instagram[\/et_pb_social_media_follow_network][\/et_pb_social_media_follow][\/et_pb_column][\/et_pb_row][\/et_pb_section]<\/p>\n","protected":false},"excerpt":{"rendered":"<p><div class=\"et_pb_module divi_events_list_booking divi_events_list_booking_0\">\n\t\t\t\t\n\t\t\t\t\n\t\t\t\t\n\t\t\t\t\n\t\t\t\t\n\t\t\t\t\n\t\t\t\t<div class=\"et_pb_module_inner\">\n\t\t\t\t\t<script>\n  if (typeof hasAmeliaEvent === 'undefined') {\n    var hasAmeliaEvent = true;\n  }\n  if (typeof hasEventApiCall === 'undefined' && '' === '') {\n    var hasEventApiCall = true;\n  }\n  var hasEventShortcode = (typeof hasEventShortcode === 'undefined') ? false : true;\n  var ameliaShortcodeData = (typeof ameliaShortcodeData === 'undefined') ? [] : ameliaShortcodeData;\n  ameliaShortcodeData.push(\n    {\n      'hasApiCall': (typeof hasEventApiCall !== 'undefined') && hasEventApiCall,\n      'trigger': '',\n      'trigger_type': '',\n      'triggered_form': 'elf',\n      'in_dialog': '',\n      'counter': '1000',\n      'employee': '',\n      'eventId': '',\n      'eventRecurring': 0,\n      'eventTag': \"\",\n      'locationId': \"\"\n    }\n  );\n  var ameliaShortcodeDataTriggered = (typeof ameliaShortcodeDataTriggered === 'undefined') ? [] : ameliaShortcodeDataTriggered;\n  if (ameliaShortcodeData[ameliaShortcodeData.length - 1].trigger !== '') {\n    if (ameliaShortcodeDataTriggered.filter(a => a.counter === ameliaShortcodeData[ameliaShortcodeData.length - 1].counter).length === 0) {\n      ameliaShortcodeDataTriggered.push(ameliaShortcodeData.pop());\n    } else {\n      ameliaShortcodeData.pop()\n    }\n  }\n  if (typeof hasEventApiCall !== 'undefined' && hasEventApiCall) {\n    hasEventApiCall = false;\n  }\n<\/script>\n\n<div\n  id=\"amelia-v2-booking-1000\"\n  class=\"amelia-v2-booking\"\n>\n    <events-list-form-wrapper><\/div>\n\n\t\t\t\t<\/div>\n\t\t\t<\/div>Ga\u00eblle Gautrot yogame.belleile@gmail.com 06 42 33 87 94<\/p>\n","protected":false},"author":1,"featured_media":0,"parent":0,"menu_order":0,"comment_status":"closed","ping_status":"closed","template":"","meta":{"_et_pb_use_builder":"on","_et_pb_old_content":"<!-- wp:bookingpress\/bookingpress-appointment-form -->\n<div class=\"wp-block-bookingpress-bookingpress-appointment-form\">[bookingpress_form]<\/div>\n<!-- \/wp:bookingpress\/bookingpress-appointment-form -->","_et_gb_content_width":"2880","footnotes":""},"class_list":["post-39","page","type-page","status-publish","hentry"],"yoast_head":"<!-- This site is optimized with the Yoast SEO plugin v24.3 - https:\/\/yoast.com\/wordpress\/plugins\/seo\/ -->\n<title>Planning - Yog\u00e2me Belle-Ile<\/title>\n<meta name=\"description\" content=\"Consultez le planning de nos cours de yoga et r\u00e9servez votre place. Des horaires flexibles pour int\u00e9grer la pratique du yoga \u00e0 votre quotidien.\" \/>\n<meta name=\"robots\" content=\"index, follow, max-snippet:-1, max-image-preview:large, max-video-preview:-1\" \/>\n<link rel=\"canonical\" href=\"https:\/\/yogame-belleile.com\/index.php\/planning\/\" \/>\n<meta property=\"og:locale\" content=\"en_US\" \/>\n<meta property=\"og:type\" content=\"article\" \/>\n<meta property=\"og:title\" content=\"Planning - Yog\u00e2me Belle-Ile\" \/>\n<meta property=\"og:description\" content=\"Consultez le planning de nos cours de yoga et r\u00e9servez votre place. Des horaires flexibles pour int\u00e9grer la pratique du yoga \u00e0 votre quotidien.\" \/>\n<meta property=\"og:url\" content=\"https:\/\/yogame-belleile.com\/index.php\/planning\/\" \/>\n<meta property=\"og:site_name\" content=\"Yog\u00e2me Belle-Ile\" \/>\n<meta property=\"article:modified_time\" content=\"2025-01-24T15:59:28+00:00\" \/>\n<meta name=\"twitter:card\" content=\"summary_large_image\" \/>\n<meta name=\"twitter:label1\" content=\"Est. reading time\" \/>\n\t<meta name=\"twitter:data1\" content=\"1 minute\" \/>\n<script type=\"application\/ld+json\" class=\"yoast-schema-graph\">{\"@context\":\"https:\/\/schema.org\",\"@graph\":[{\"@type\":\"WebPage\",\"@id\":\"https:\/\/yogame-belleile.com\/index.php\/planning\/\",\"url\":\"https:\/\/yogame-belleile.com\/index.php\/planning\/\",\"name\":\"Planning - Yog\u00e2me Belle-Ile\",\"isPartOf\":{\"@id\":\"https:\/\/yogame-belleile.com\/#website\"},\"datePublished\":\"2025-01-07T17:28:01+00:00\",\"dateModified\":\"2025-01-24T15:59:28+00:00\",\"description\":\"Consultez le planning de nos cours de yoga et r\u00e9servez votre place. Des horaires flexibles pour int\u00e9grer la pratique du yoga \u00e0 votre quotidien.\",\"breadcrumb\":{\"@id\":\"https:\/\/yogame-belleile.com\/index.php\/planning\/#breadcrumb\"},\"inLanguage\":\"en-US\",\"potentialAction\":[{\"@type\":\"ReadAction\",\"target\":[\"https:\/\/yogame-belleile.com\/index.php\/planning\/\"]}]},{\"@type\":\"BreadcrumbList\",\"@id\":\"https:\/\/yogame-belleile.com\/index.php\/planning\/#breadcrumb\",\"itemListElement\":[{\"@type\":\"ListItem\",\"position\":1,\"name\":\"Accueil\",\"item\":\"https:\/\/yogame-belleile.com\/\"},{\"@type\":\"ListItem\",\"position\":2,\"name\":\"Planning\"}]},{\"@type\":\"WebSite\",\"@id\":\"https:\/\/yogame-belleile.com\/#website\",\"url\":\"https:\/\/yogame-belleile.com\/\",\"name\":\"Yog\u00e2me Belle-Ile\",\"description\":\"Yoga bienveillant\",\"publisher\":{\"@id\":\"https:\/\/yogame-belleile.com\/#organization\"},\"potentialAction\":[{\"@type\":\"SearchAction\",\"target\":{\"@type\":\"EntryPoint\",\"urlTemplate\":\"https:\/\/yogame-belleile.com\/?s={search_term_string}\"},\"query-input\":{\"@type\":\"PropertyValueSpecification\",\"valueRequired\":true,\"valueName\":\"search_term_string\"}}],\"inLanguage\":\"en-US\"},{\"@type\":\"Organization\",\"@id\":\"https:\/\/yogame-belleile.com\/#organization\",\"name\":\"Yog\u00e2me Belle-Ile\",\"url\":\"https:\/\/yogame-belleile.com\/\",\"logo\":{\"@type\":\"ImageObject\",\"inLanguage\":\"en-US\",\"@id\":\"https:\/\/yogame-belleile.com\/#\/schema\/logo\/image\/\",\"url\":\"http:\/\/yogame-belleile.com\/wp-content\/uploads\/2025\/01\/cropped-YOGAME-TAMPONS-03.png\",\"contentUrl\":\"http:\/\/yogame-belleile.com\/wp-content\/uploads\/2025\/01\/cropped-YOGAME-TAMPONS-03.png\",\"width\":512,\"height\":512,\"caption\":\"Yog\u00e2me Belle-Ile\"},\"image\":{\"@id\":\"https:\/\/yogame-belleile.com\/#\/schema\/logo\/image\/\"},\"sameAs\":[\"https:\/\/www.instagram.com\/yogame.belle.ile\/\"]}]}<\/script>\n<!-- \/ Yoast SEO plugin. -->","yoast_head_json":{"title":"Planning - Yog\u00e2me Belle-Ile","description":"Consultez le planning de nos cours de yoga et r\u00e9servez votre place. Des horaires flexibles pour int\u00e9grer la pratique du yoga \u00e0 votre quotidien.","robots":{"index":"index","follow":"follow","max-snippet":"max-snippet:-1","max-image-preview":"max-image-preview:large","max-video-preview":"max-video-preview:-1"},"canonical":"https:\/\/yogame-belleile.com\/index.php\/planning\/","og_locale":"en_US","og_type":"article","og_title":"Planning - Yog\u00e2me Belle-Ile","og_description":"Consultez le planning de nos cours de yoga et r\u00e9servez votre place. Des horaires flexibles pour int\u00e9grer la pratique du yoga \u00e0 votre quotidien.","og_url":"https:\/\/yogame-belleile.com\/index.php\/planning\/","og_site_name":"Yog\u00e2me Belle-Ile","article_modified_time":"2025-01-24T15:59:28+00:00","twitter_card":"summary_large_image","twitter_misc":{"Est. reading time":"1 minute"},"schema":{"@context":"https:\/\/schema.org","@graph":[{"@type":"WebPage","@id":"https:\/\/yogame-belleile.com\/index.php\/planning\/","url":"https:\/\/yogame-belleile.com\/index.php\/planning\/","name":"Planning - Yog\u00e2me Belle-Ile","isPartOf":{"@id":"https:\/\/yogame-belleile.com\/#website"},"datePublished":"2025-01-07T17:28:01+00:00","dateModified":"2025-01-24T15:59:28+00:00","description":"Consultez le planning de nos cours de yoga et r\u00e9servez votre place. Des horaires flexibles pour int\u00e9grer la pratique du yoga \u00e0 votre quotidien.","breadcrumb":{"@id":"https:\/\/yogame-belleile.com\/index.php\/planning\/#breadcrumb"},"inLanguage":"en-US","potentialAction":[{"@type":"ReadAction","target":["https:\/\/yogame-belleile.com\/index.php\/planning\/"]}]},{"@type":"BreadcrumbList","@id":"https:\/\/yogame-belleile.com\/index.php\/planning\/#breadcrumb","itemListElement":[{"@type":"ListItem","position":1,"name":"Accueil","item":"https:\/\/yogame-belleile.com\/"},{"@type":"ListItem","position":2,"name":"Planning"}]},{"@type":"WebSite","@id":"https:\/\/yogame-belleile.com\/#website","url":"https:\/\/yogame-belleile.com\/","name":"Yog\u00e2me Belle-Ile","description":"Yoga bienveillant","publisher":{"@id":"https:\/\/yogame-belleile.com\/#organization"},"potentialAction":[{"@type":"SearchAction","target":{"@type":"EntryPoint","urlTemplate":"https:\/\/yogame-belleile.com\/?s={search_term_string}"},"query-input":{"@type":"PropertyValueSpecification","valueRequired":true,"valueName":"search_term_string"}}],"inLanguage":"en-US"},{"@type":"Organization","@id":"https:\/\/yogame-belleile.com\/#organization","name":"Yog\u00e2me Belle-Ile","url":"https:\/\/yogame-belleile.com\/","logo":{"@type":"ImageObject","inLanguage":"en-US","@id":"https:\/\/yogame-belleile.com\/#\/schema\/logo\/image\/","url":"http:\/\/yogame-belleile.com\/wp-content\/uploads\/2025\/01\/cropped-YOGAME-TAMPONS-03.png","contentUrl":"http:\/\/yogame-belleile.com\/wp-content\/uploads\/2025\/01\/cropped-YOGAME-TAMPONS-03.png","width":512,"height":512,"caption":"Yog\u00e2me Belle-Ile"},"image":{"@id":"https:\/\/yogame-belleile.com\/#\/schema\/logo\/image\/"},"sameAs":["https:\/\/www.instagram.com\/yogame.belle.ile\/"]}]}},"_links":{"self":[{"href":"https:\/\/yogame-belleile.com\/index.php\/wp-json\/wp\/v2\/pages\/39","targetHints":{"allow":["GET"]}}],"collection":[{"href":"https:\/\/yogame-belleile.com\/index.php\/wp-json\/wp\/v2\/pages"}],"about":[{"href":"https:\/\/yogame-belleile.com\/index.php\/wp-json\/wp\/v2\/types\/page"}],"author":[{"embeddable":true,"href":"https:\/\/yogame-belleile.com\/index.php\/wp-json\/wp\/v2\/users\/1"}],"replies":[{"embeddable":true,"href":"https:\/\/yogame-belleile.com\/index.php\/wp-json\/wp\/v2\/comments?post=39"}],"version-history":[{"count":15,"href":"https:\/\/yogame-belleile.com\/index.php\/wp-json\/wp\/v2\/pages\/39\/revisions"}],"predecessor-version":[{"id":367,"href":"https:\/\/yogame-belleile.com\/index.php\/wp-json\/wp\/v2\/pages\/39\/revisions\/367"}],"wp:attachment":[{"href":"https:\/\/yogame-belleile.com\/index.php\/wp-json\/wp\/v2\/media?parent=39"}],"curies":[{"name":"wp","href":"https:\/\/api.w.org\/{rel}","templated":true}]}}