{"id":40,"date":"2025-01-07T18:28:01","date_gmt":"2025-01-07T17:28:01","guid":{"rendered":"https:\/\/yogame-belleile.com\/?page_id=40"},"modified":"2025-01-24T19:39:58","modified_gmt":"2025-01-24T18:39:58","slug":"lauthentique-kobido","status":"publish","type":"page","link":"https:\/\/yogame-belleile.com\/index.php\/lauthentique-kobido\/","title":{"rendered":"L&#8217;authentique Kobido\u00ae"},"content":{"rendered":"<p>[et_pb_section fb_built=&#8221;1&#8243; _builder_version=&#8221;4.27.4&#8243; _module_preset=&#8221;default&#8221; background_color=&#8221;#f0dac9&#8243; custom_padding=&#8221;0px||0px|||&#8221; global_colors_info=&#8221;{}&#8221;][et_pb_row _builder_version=&#8221;4.27.4&#8243; _module_preset=&#8221;default&#8221; custom_padding=&#8221;0px||0px|||&#8221; global_colors_info=&#8221;{}&#8221;][et_pb_column type=&#8221;4_4&#8243; _builder_version=&#8221;4.27.4&#8243; _module_preset=&#8221;default&#8221; global_colors_info=&#8221;{}&#8221;][et_pb_image src=&#8221;http:\/\/yogame-belleile.com\/wp-content\/uploads\/2025\/01\/KOBIDO.png&#8221; title_text=&#8221;KOBIDO&#8221; _builder_version=&#8221;4.27.4&#8243; _module_preset=&#8221;default&#8221; background_color=&#8221;#f0dac9&#8243; global_colors_info=&#8221;{}&#8221;][\/et_pb_image][\/et_pb_column][\/et_pb_row][\/et_pb_section][et_pb_section fb_built=&#8221;1&#8243; admin_label=&#8221;Contact Form&#8221; _builder_version=&#8221;4.27.4&#8243; _module_preset=&#8221;default&#8221; hover_enabled=&#8221;0&#8243; global_colors_info=&#8221;{}&#8221; background_color=&#8221;#fff4ec&#8221; sticky_enabled=&#8221;0&#8243;][et_pb_row column_structure=&#8221;3_4,1_4&#8243; _builder_version=&#8221;4.27.4&#8243; _module_preset=&#8221;default&#8221; global_colors_info=&#8221;{}&#8221;][et_pb_column type=&#8221;3_4&#8243; _builder_version=&#8221;4.27.4&#8243; _module_preset=&#8221;default&#8221; global_colors_info=&#8221;{}&#8221;][et_pb_image src=&#8221;http:\/\/yogame-belleile.com\/wp-content\/uploads\/2025\/01\/IMG_81501-scaled.jpeg&#8221; title_text=&#8221;IMG_8150(1)&#8221; _builder_version=&#8221;4.27.4&#8243; _module_preset=&#8221;default&#8221; global_colors_info=&#8221;{}&#8221;][\/et_pb_image][\/et_pb_column][et_pb_column type=&#8221;1_4&#8243; _builder_version=&#8221;4.27.4&#8243; _module_preset=&#8221;default&#8221; global_colors_info=&#8221;{}&#8221;][et_pb_text _builder_version=&#8221;4.27.4&#8243; _module_preset=&#8221;default&#8221; hover_enabled=&#8221;0&#8243; inline_fonts=&#8221;Averia Libre&#8221; global_colors_info=&#8221;{}&#8221; sticky_enabled=&#8221;0&#8243;]<\/p>\n<p style=\"text-align: justify;\"><span style=\"color: #000000; font-family: 'Averia Libre'; font-weight: normal;\">Gr\u00e2ce aux techniques pr\u00e9cises de cet art, alliant la douceur de l\u2019\u00e9nergie Yin et la puissance du Yang, votre peau sera drain\u00e9e, stimul\u00e9e et lift\u00e9e. Laissez vous porter par la chor\u00e9graphie des mains sur votre visage. Une v\u00e9ritable invitation au voyage et \u00e0 la d\u00e9tente.<\/span><\/p>\n<p style=\"text-align: justify;\"><span style=\"color: #000000; font-family: 'Averia Libre'; font-weight: normal;\">Le massage dure 1h et a lieu \u00e0 votre domicile. L\u2019huile utilis\u00e9e est con\u00e7ue sp\u00e9cialement pour ce massage par l\u2019\u00e9cole du Kobido. <\/span><span style=\"color: #000000; font-family: 'Averia Libre'; font-weight: normal;\">Elle contient : huiles de S\u00e9same, Cam\u00e9lia, Rose musqu\u00e9e et Argan, 100% naturelle et sans parfum. <\/span><\/p>\n<p style=\"text-align: justify;\"><span style=\"color: #000000; font-weight: normal;\"><span style=\"font-family: 'Averia Libre';\">Le massage commence avec le rituel de l\u2019Oshibori : une serviette chaude, humide vaporis\u00e9e d\u2019un hydrolat d\u2019Iloaz (fabriqu\u00e9e \u00e0 Belle ile).<\/span> <\/span><\/p>\n<p>[\/et_pb_text][\/et_pb_column][\/et_pb_row][et_pb_row _builder_version=&#8221;4.27.4&#8243; _module_preset=&#8221;default&#8221; global_colors_info=&#8221;{}&#8221;][et_pb_column type=&#8221;4_4&#8243; _builder_version=&#8221;4.27.4&#8243; _module_preset=&#8221;default&#8221; global_colors_info=&#8221;{}&#8221;][et_pb_button button_url=&#8221;https:\/\/yogame-belleile.com\/index.php\/reservation-massage-kobido\/&#8221; button_text=&#8221;R\u00c9SERVEZ VOTRE S\u00c9ANCE &#8221; _builder_version=&#8221;4.27.4&#8243; _module_preset=&#8221;default&#8221; background_layout=&#8221;dark&#8221; global_colors_info=&#8221;{}&#8221;][\/et_pb_button][\/et_pb_column][\/et_pb_row][\/et_pb_section][et_pb_section fb_built=&#8221;1&#8243; admin_label=&#8221;Footer&#8221; _builder_version=&#8221;4.27.4&#8243; _module_preset=&#8221;default&#8221; background_color=&#8221;#ffecdd&#8221; custom_padding=&#8221;50px||0px|||&#8221; global_module=&#8221;189&#8243; saved_tabs=&#8221;all&#8221; locked=&#8221;off&#8221; global_colors_info=&#8221;{}&#8221;][et_pb_row column_structure=&#8221;1_3,1_3,1_3&#8243; _builder_version=&#8221;4.27.4&#8243; _module_preset=&#8221;default&#8221; custom_padding=&#8221;0px|||||&#8221; global_colors_info=&#8221;{}&#8221;][et_pb_column type=&#8221;1_3&#8243; _builder_version=&#8221;4.27.4&#8243; _module_preset=&#8221;default&#8221; global_colors_info=&#8221;{}&#8221;][et_pb_divider show_divider=&#8221;off&#8221; _builder_version=&#8221;4.27.4&#8243; _module_preset=&#8221;default&#8221; custom_padding=&#8221;||0px|||&#8221; global_colors_info=&#8221;{}&#8221;][\/et_pb_divider][et_pb_text _builder_version=&#8221;4.27.4&#8243; _module_preset=&#8221;default&#8221; custom_margin=&#8221;-4px|||||&#8221; global_colors_info=&#8221;{}&#8221;]<\/p>\n<p style=\"text-align: center;\"><span style=\"font-family: 'Averia Libre'; font-weight: normal; font-size: large; color: #000000;\">Ga\u00eblle Gautrot<\/span><\/p>\n<p style=\"text-align: center;\"><span style=\"font-family: 'Averia Libre'; font-weight: normal; font-size: large; color: #000000;\"><a href=\"mailto:yogame.belleile@gmail.com\" style=\"color: #000000;\">yogame.belleile@gmail.com <\/a><\/span><\/p>\n<p style=\"text-align: center;\"><span style=\"font-family: 'Averia Libre'; font-weight: normal; font-size: large; color: #000000;\">06 42 33 87 94<\/span><\/p>\n<p>[\/et_pb_text][\/et_pb_column][et_pb_column type=&#8221;1_3&#8243; _builder_version=&#8221;4.27.4&#8243; _module_preset=&#8221;default&#8221; global_colors_info=&#8221;{}&#8221;][et_pb_image src=&#8221;http:\/\/yogame-belleile.com\/wp-content\/uploads\/2025\/01\/cropped-YOGAME-TAMPONS-03.png&#8221; title_text=&#8221;cropped-YOGAME-TAMPONS-03.png&#8221; align=&#8221;center&#8221; _builder_version=&#8221;4.27.4&#8243; _module_preset=&#8221;default&#8221; custom_margin=&#8221;-31px|||||&#8221; custom_padding=&#8221;0px|||||&#8221; global_colors_info=&#8221;{}&#8221;][\/et_pb_image][\/et_pb_column][et_pb_column type=&#8221;1_3&#8243; _builder_version=&#8221;4.27.4&#8243; _module_preset=&#8221;default&#8221; global_colors_info=&#8221;{}&#8221;][et_pb_divider show_divider=&#8221;off&#8221; _builder_version=&#8221;4.27.4&#8243; _module_preset=&#8221;default&#8221; custom_margin=&#8221;-78px||-6px|||&#8221; global_colors_info=&#8221;{}&#8221;][\/et_pb_divider][et_pb_social_media_follow icon_color=&#8221;#000000&#8243; _builder_version=&#8221;4.27.4&#8243; _module_preset=&#8221;default&#8221; text_orientation=&#8221;center&#8221; custom_padding=&#8221;80px|||||&#8221; global_colors_info=&#8221;{}&#8221;][et_pb_social_media_follow_network social_network=&#8221;instagram&#8221; url=&#8221;https:\/\/www.instagram.com\/yogame.belle.ile\/&#8221; icon_color=&#8221;#000000&#8243; use_icon_font_size=&#8221;on&#8221; icon_font_size=&#8221;40px&#8221; _builder_version=&#8221;4.27.4&#8243; _module_preset=&#8221;default&#8221; background_enable_color=&#8221;off&#8221; global_colors_info=&#8221;{}&#8221; follow_button=&#8221;off&#8221; url_new_window=&#8221;on&#8221;]instagram[\/et_pb_social_media_follow_network][\/et_pb_social_media_follow][\/et_pb_column][\/et_pb_row][\/et_pb_section]<\/p>\n","protected":false},"excerpt":{"rendered":"<p>Gr\u00e2ce aux techniques pr\u00e9cises de cet art, alliant la douceur de l\u2019\u00e9nergie Yin et la puissance du Yang, votre peau sera drain\u00e9e, stimul\u00e9e et lift\u00e9e. Laissez vous porter par la chor\u00e9graphie des mains sur votre visage. Une v\u00e9ritable invitation au voyage et \u00e0 la d\u00e9tente. Le massage dure 1h et a lieu \u00e0 votre domicile. [&hellip;]<\/p>\n","protected":false},"author":1,"featured_media":0,"parent":0,"menu_order":0,"comment_status":"closed","ping_status":"closed","template":"","meta":{"_et_pb_use_builder":"on","_et_pb_old_content":"","_et_gb_content_width":"","footnotes":""},"class_list":["post-40","page","type-page","status-publish","hentry"],"yoast_head":"<!-- This site is optimized with the Yoast SEO plugin v24.3 - https:\/\/yoast.com\/wordpress\/plugins\/seo\/ -->\n<title>L&#039;authentique Kobido\u00ae - Yog\u00e2me Belle-Ile<\/title>\n<meta name=\"description\" content=\"Essayez le soin Kobido\u00ae, une technique de massage japonaise mill\u00e9naire qui am\u00e9liore l&#039;apparence de votre peau et r\u00e9duit les signes de fatigue et de stress.\" \/>\n<meta name=\"robots\" content=\"index, follow, max-snippet:-1, max-image-preview:large, max-video-preview:-1\" \/>\n<link rel=\"canonical\" href=\"https:\/\/yogame-belleile.com\/index.php\/lauthentique-kobido\/\" \/>\n<meta property=\"og:locale\" content=\"en_US\" \/>\n<meta property=\"og:type\" content=\"article\" \/>\n<meta property=\"og:title\" content=\"L&#039;authentique Kobido\u00ae - Yog\u00e2me Belle-Ile\" \/>\n<meta property=\"og:description\" content=\"Essayez le soin Kobido\u00ae, une technique de massage japonaise mill\u00e9naire qui am\u00e9liore l&#039;apparence de votre peau et r\u00e9duit les signes de fatigue et de stress.\" \/>\n<meta property=\"og:url\" content=\"https:\/\/yogame-belleile.com\/index.php\/lauthentique-kobido\/\" \/>\n<meta property=\"og:site_name\" content=\"Yog\u00e2me Belle-Ile\" \/>\n<meta property=\"article:modified_time\" content=\"2025-01-24T18:39:58+00:00\" \/>\n<meta name=\"twitter:card\" content=\"summary_large_image\" \/>\n<meta name=\"twitter:label1\" content=\"Est. reading time\" \/>\n\t<meta name=\"twitter:data1\" content=\"2 minutes\" \/>\n<script type=\"application\/ld+json\" class=\"yoast-schema-graph\">{\"@context\":\"https:\/\/schema.org\",\"@graph\":[{\"@type\":\"WebPage\",\"@id\":\"https:\/\/yogame-belleile.com\/index.php\/lauthentique-kobido\/\",\"url\":\"https:\/\/yogame-belleile.com\/index.php\/lauthentique-kobido\/\",\"name\":\"L'authentique Kobido\u00ae - Yog\u00e2me Belle-Ile\",\"isPartOf\":{\"@id\":\"https:\/\/yogame-belleile.com\/#website\"},\"datePublished\":\"2025-01-07T17:28:01+00:00\",\"dateModified\":\"2025-01-24T18:39:58+00:00\",\"description\":\"Essayez le soin Kobido\u00ae, une technique de massage japonaise mill\u00e9naire qui am\u00e9liore l'apparence de votre peau et r\u00e9duit les signes de fatigue et de stress.\",\"breadcrumb\":{\"@id\":\"https:\/\/yogame-belleile.com\/index.php\/lauthentique-kobido\/#breadcrumb\"},\"inLanguage\":\"en-US\",\"potentialAction\":[{\"@type\":\"ReadAction\",\"target\":[\"https:\/\/yogame-belleile.com\/index.php\/lauthentique-kobido\/\"]}]},{\"@type\":\"BreadcrumbList\",\"@id\":\"https:\/\/yogame-belleile.com\/index.php\/lauthentique-kobido\/#breadcrumb\",\"itemListElement\":[{\"@type\":\"ListItem\",\"position\":1,\"name\":\"Accueil\",\"item\":\"https:\/\/yogame-belleile.com\/\"},{\"@type\":\"ListItem\",\"position\":2,\"name\":\"L&rsquo;authentique Kobido\u00ae\"}]},{\"@type\":\"WebSite\",\"@id\":\"https:\/\/yogame-belleile.com\/#website\",\"url\":\"https:\/\/yogame-belleile.com\/\",\"name\":\"Yog\u00e2me Belle-Ile\",\"description\":\"Yoga bienveillant\",\"publisher\":{\"@id\":\"https:\/\/yogame-belleile.com\/#organization\"},\"potentialAction\":[{\"@type\":\"SearchAction\",\"target\":{\"@type\":\"EntryPoint\",\"urlTemplate\":\"https:\/\/yogame-belleile.com\/?s={search_term_string}\"},\"query-input\":{\"@type\":\"PropertyValueSpecification\",\"valueRequired\":true,\"valueName\":\"search_term_string\"}}],\"inLanguage\":\"en-US\"},{\"@type\":\"Organization\",\"@id\":\"https:\/\/yogame-belleile.com\/#organization\",\"name\":\"Yog\u00e2me Belle-Ile\",\"url\":\"https:\/\/yogame-belleile.com\/\",\"logo\":{\"@type\":\"ImageObject\",\"inLanguage\":\"en-US\",\"@id\":\"https:\/\/yogame-belleile.com\/#\/schema\/logo\/image\/\",\"url\":\"http:\/\/yogame-belleile.com\/wp-content\/uploads\/2025\/01\/cropped-YOGAME-TAMPONS-03.png\",\"contentUrl\":\"http:\/\/yogame-belleile.com\/wp-content\/uploads\/2025\/01\/cropped-YOGAME-TAMPONS-03.png\",\"width\":512,\"height\":512,\"caption\":\"Yog\u00e2me Belle-Ile\"},\"image\":{\"@id\":\"https:\/\/yogame-belleile.com\/#\/schema\/logo\/image\/\"},\"sameAs\":[\"https:\/\/www.instagram.com\/yogame.belle.ile\/\"]}]}<\/script>\n<!-- \/ Yoast SEO plugin. -->","yoast_head_json":{"title":"L'authentique Kobido\u00ae - Yog\u00e2me Belle-Ile","description":"Essayez le soin Kobido\u00ae, une technique de massage japonaise mill\u00e9naire qui am\u00e9liore l'apparence de votre peau et r\u00e9duit les signes de fatigue et de stress.","robots":{"index":"index","follow":"follow","max-snippet":"max-snippet:-1","max-image-preview":"max-image-preview:large","max-video-preview":"max-video-preview:-1"},"canonical":"https:\/\/yogame-belleile.com\/index.php\/lauthentique-kobido\/","og_locale":"en_US","og_type":"article","og_title":"L'authentique Kobido\u00ae - Yog\u00e2me Belle-Ile","og_description":"Essayez le soin Kobido\u00ae, une technique de massage japonaise mill\u00e9naire qui am\u00e9liore l'apparence de votre peau et r\u00e9duit les signes de fatigue et de stress.","og_url":"https:\/\/yogame-belleile.com\/index.php\/lauthentique-kobido\/","og_site_name":"Yog\u00e2me Belle-Ile","article_modified_time":"2025-01-24T18:39:58+00:00","twitter_card":"summary_large_image","twitter_misc":{"Est. reading time":"2 minutes"},"schema":{"@context":"https:\/\/schema.org","@graph":[{"@type":"WebPage","@id":"https:\/\/yogame-belleile.com\/index.php\/lauthentique-kobido\/","url":"https:\/\/yogame-belleile.com\/index.php\/lauthentique-kobido\/","name":"L'authentique Kobido\u00ae - Yog\u00e2me Belle-Ile","isPartOf":{"@id":"https:\/\/yogame-belleile.com\/#website"},"datePublished":"2025-01-07T17:28:01+00:00","dateModified":"2025-01-24T18:39:58+00:00","description":"Essayez le soin Kobido\u00ae, une technique de massage japonaise mill\u00e9naire qui am\u00e9liore l'apparence de votre peau et r\u00e9duit les signes de fatigue et de stress.","breadcrumb":{"@id":"https:\/\/yogame-belleile.com\/index.php\/lauthentique-kobido\/#breadcrumb"},"inLanguage":"en-US","potentialAction":[{"@type":"ReadAction","target":["https:\/\/yogame-belleile.com\/index.php\/lauthentique-kobido\/"]}]},{"@type":"BreadcrumbList","@id":"https:\/\/yogame-belleile.com\/index.php\/lauthentique-kobido\/#breadcrumb","itemListElement":[{"@type":"ListItem","position":1,"name":"Accueil","item":"https:\/\/yogame-belleile.com\/"},{"@type":"ListItem","position":2,"name":"L&rsquo;authentique Kobido\u00ae"}]},{"@type":"WebSite","@id":"https:\/\/yogame-belleile.com\/#website","url":"https:\/\/yogame-belleile.com\/","name":"Yog\u00e2me Belle-Ile","description":"Yoga bienveillant","publisher":{"@id":"https:\/\/yogame-belleile.com\/#organization"},"potentialAction":[{"@type":"SearchAction","target":{"@type":"EntryPoint","urlTemplate":"https:\/\/yogame-belleile.com\/?s={search_term_string}"},"query-input":{"@type":"PropertyValueSpecification","valueRequired":true,"valueName":"search_term_string"}}],"inLanguage":"en-US"},{"@type":"Organization","@id":"https:\/\/yogame-belleile.com\/#organization","name":"Yog\u00e2me Belle-Ile","url":"https:\/\/yogame-belleile.com\/","logo":{"@type":"ImageObject","inLanguage":"en-US","@id":"https:\/\/yogame-belleile.com\/#\/schema\/logo\/image\/","url":"http:\/\/yogame-belleile.com\/wp-content\/uploads\/2025\/01\/cropped-YOGAME-TAMPONS-03.png","contentUrl":"http:\/\/yogame-belleile.com\/wp-content\/uploads\/2025\/01\/cropped-YOGAME-TAMPONS-03.png","width":512,"height":512,"caption":"Yog\u00e2me Belle-Ile"},"image":{"@id":"https:\/\/yogame-belleile.com\/#\/schema\/logo\/image\/"},"sameAs":["https:\/\/www.instagram.com\/yogame.belle.ile\/"]}]}},"_links":{"self":[{"href":"https:\/\/yogame-belleile.com\/index.php\/wp-json\/wp\/v2\/pages\/40","targetHints":{"allow":["GET"]}}],"collection":[{"href":"https:\/\/yogame-belleile.com\/index.php\/wp-json\/wp\/v2\/pages"}],"about":[{"href":"https:\/\/yogame-belleile.com\/index.php\/wp-json\/wp\/v2\/types\/page"}],"author":[{"embeddable":true,"href":"https:\/\/yogame-belleile.com\/index.php\/wp-json\/wp\/v2\/users\/1"}],"replies":[{"embeddable":true,"href":"https:\/\/yogame-belleile.com\/index.php\/wp-json\/wp\/v2\/comments?post=40"}],"version-history":[{"count":12,"href":"https:\/\/yogame-belleile.com\/index.php\/wp-json\/wp\/v2\/pages\/40\/revisions"}],"predecessor-version":[{"id":423,"href":"https:\/\/yogame-belleile.com\/index.php\/wp-json\/wp\/v2\/pages\/40\/revisions\/423"}],"wp:attachment":[{"href":"https:\/\/yogame-belleile.com\/index.php\/wp-json\/wp\/v2\/media?parent=40"}],"curies":[{"name":"wp","href":"https:\/\/api.w.org\/{rel}","templated":true}]}}